{"id":973,"date":"2021-12-23T09:57:35","date_gmt":"2021-12-23T07:57:35","guid":{"rendered":"https:\/\/laureela.ee\/toode\/personaalne-votmehoidja-sinu-voi-sinu-lahedase-pildiga\/"},"modified":"2021-12-23T09:57:38","modified_gmt":"2021-12-23T07:57:38","slug":"personaalne-votmehoidja-sinu-voi-sinu-lahedase-pildiga","status":"publish","type":"product","link":"https:\/\/laureela.ee\/en\/toode\/personaalne-votmehoidja-sinu-voi-sinu-lahedase-pildiga\/","title":{"rendered":"Personaalne v\u00f5tmehoidja sinu v\u00f5i sinu l\u00e4hedase pildiga"},"content":{"rendered":"<p>Personaalne v\u00f5tmehoidja sinu v\u00f5i sinu l\u00e4hedase pildiga, NB! Palun kirjeldada tellimuse lisainfos millise initsiaaliga soovite toodet tellida. Valikus on t\u00e4hed: A, B, C, D, E, F, G, H, I, J, K, L, M, N, O, P, Q, R ,S, T, V U, W, X, Y, Z<\/p>\n","protected":false},"excerpt":{"rendered":"<p>Personaalne v\u00f5tmehoidja sinu v\u00f5i sinu l\u00e4hedase pildiga, NB! Palun kirjeldada tellimuse lisainfos millise initsiaaliga soovite toodet tellida. Valikus on t\u00e4hed: A, B, C, D, E, F, G, H, I, J, K, L, M, N, O, P, Q, R ,S, T, V U, W, X, Y, Z<\/p>\n","protected":false},"featured_media":897,"comment_status":"open","ping_status":"open","template":"","meta":[],"product_cat":[301],"product_tag":[],"_links":{"self":[{"href":"https:\/\/laureela.ee\/en\/wp-json\/wp\/v2\/product\/973"}],"collection":[{"href":"https:\/\/laureela.ee\/en\/wp-json\/wp\/v2\/product"}],"about":[{"href":"https:\/\/laureela.ee\/en\/wp-json\/wp\/v2\/types\/product"}],"replies":[{"embeddable":true,"href":"https:\/\/laureela.ee\/en\/wp-json\/wp\/v2\/comments?post=973"}],"wp:featuredmedia":[{"embeddable":true,"href":"https:\/\/laureela.ee\/en\/wp-json\/wp\/v2\/media\/897"}],"wp:attachment":[{"href":"https:\/\/laureela.ee\/en\/wp-json\/wp\/v2\/media?parent=973"}],"wp:term":[{"taxonomy":"product_cat","embeddable":true,"href":"https:\/\/laureela.ee\/en\/wp-json\/wp\/v2\/product_cat?post=973"},{"taxonomy":"product_tag","embeddable":true,"href":"https:\/\/laureela.ee\/en\/wp-json\/wp\/v2\/product_tag?post=973"}],"curies":[{"name":"wp","href":"https:\/\/api.w.org\/{rel}","templated":true}]}}