{"id":942,"date":"2021-12-23T09:57:40","date_gmt":"2021-12-23T07:57:40","guid":{"rendered":"https:\/\/laureela.ee\/toode\/roosa-beebitudruku-pukskostuum\/"},"modified":"2021-12-23T09:57:44","modified_gmt":"2021-12-23T07:57:44","slug":"roosa-beebitudruku-pukskostuum","status":"publish","type":"product","link":"https:\/\/laureela.ee\/en\/toode\/roosa-beebitudruku-pukskostuum\/","title":{"rendered":"Roosa beebit\u00fcdruku p\u00fckskost\u00fc\u00fcm"},"content":{"rendered":"<p>Mudel: 86006 Rompers<\/p>\n","protected":false},"excerpt":{"rendered":"<p>Mudel: 86006 Rompers<\/p>\n","protected":false},"featured_media":1053,"comment_status":"open","ping_status":"open","template":"","meta":[],"product_cat":[282,283],"product_tag":[],"_links":{"self":[{"href":"https:\/\/laureela.ee\/en\/wp-json\/wp\/v2\/product\/942"}],"collection":[{"href":"https:\/\/laureela.ee\/en\/wp-json\/wp\/v2\/product"}],"about":[{"href":"https:\/\/laureela.ee\/en\/wp-json\/wp\/v2\/types\/product"}],"replies":[{"embeddable":true,"href":"https:\/\/laureela.ee\/en\/wp-json\/wp\/v2\/comments?post=942"}],"wp:featuredmedia":[{"embeddable":true,"href":"https:\/\/laureela.ee\/en\/wp-json\/wp\/v2\/media\/1053"}],"wp:attachment":[{"href":"https:\/\/laureela.ee\/en\/wp-json\/wp\/v2\/media?parent=942"}],"wp:term":[{"taxonomy":"product_cat","embeddable":true,"href":"https:\/\/laureela.ee\/en\/wp-json\/wp\/v2\/product_cat?post=942"},{"taxonomy":"product_tag","embeddable":true,"href":"https:\/\/laureela.ee\/en\/wp-json\/wp\/v2\/product_tag?post=942"}],"curies":[{"name":"wp","href":"https:\/\/api.w.org\/{rel}","templated":true}]}}