{"id":1228,"date":"2025-10-28T10:52:49","date_gmt":"2025-10-28T08:52:49","guid":{"rendered":"https:\/\/laureela.ee\/?post_type=product&#038;p=1228"},"modified":"2025-10-28T13:33:53","modified_gmt":"2025-10-28T11:33:53","slug":"sviiter","status":"publish","type":"product","link":"https:\/\/laureela.ee\/en\/toode\/sviiter\/","title":{"rendered":"Sviiter"},"content":{"rendered":"<p>Mugav ja pehme sviiter, mis sobib igale kehakujule! Veniv materjal tagab ideaalse istuvuse suurustele S, M ja L. Ideaalne valik nii igap\u00e4evaseks kandmiseks kui ka m\u00f5nusaks \u00f5htuks kodus.<br \/>\nTarne 7-14 t\u00f6\u00f6p\u00e4eva <\/p>\n","protected":false},"excerpt":{"rendered":"<p><img decoding=\"async\" loading=\"lazy\" src=\"https:\/\/laureela.ee\/wp-content\/uploads\/2025\/10\/gh-318x400.jpg\" alt=\"\" width=\"318\" height=\"400\" class=\"alignnone size-medium wp-image-1231\" srcset=\"https:\/\/laureela.ee\/wp-content\/uploads\/2025\/10\/gh-318x400.jpg 318w, https:\/\/laureela.ee\/wp-content\/uploads\/2025\/10\/gh.jpg 452w\" sizes=\"(max-width: 318px) 100vw, 318px\" \/><img decoding=\"async\" loading=\"lazy\" src=\"https:\/\/laureela.ee\/wp-content\/uploads\/2025\/10\/hah-1-400x400.jpg\" alt=\"\" width=\"400\" height=\"400\" class=\"alignnone size-medium wp-image-1233\" srcset=\"https:\/\/laureela.ee\/wp-content\/uploads\/2025\/10\/hah-1-400x400.jpg 400w, https:\/\/laureela.ee\/wp-content\/uploads\/2025\/10\/hah-1-800x800.jpg 800w, https:\/\/laureela.ee\/wp-content\/uploads\/2025\/10\/hah-1-280x280.jpg 280w, https:\/\/laureela.ee\/wp-content\/uploads\/2025\/10\/hah-1-768x768.jpg 768w, https:\/\/laureela.ee\/wp-content\/uploads\/2025\/10\/hah-1-300x300.jpg 300w, https:\/\/laureela.ee\/wp-content\/uploads\/2025\/10\/hah-1-600x600.jpg 600w, https:\/\/laureela.ee\/wp-content\/uploads\/2025\/10\/hah-1-100x100.jpg 100w, https:\/\/laureela.ee\/wp-content\/uploads\/2025\/10\/hah-1.jpg 900w\" sizes=\"(max-width: 400px) 100vw, 400px\" \/><\/p>\n","protected":false},"featured_media":0,"comment_status":"open","ping_status":"closed","template":"","meta":[],"product_cat":[15],"product_tag":[],"_links":{"self":[{"href":"https:\/\/laureela.ee\/en\/wp-json\/wp\/v2\/product\/1228"}],"collection":[{"href":"https:\/\/laureela.ee\/en\/wp-json\/wp\/v2\/product"}],"about":[{"href":"https:\/\/laureela.ee\/en\/wp-json\/wp\/v2\/types\/product"}],"replies":[{"embeddable":true,"href":"https:\/\/laureela.ee\/en\/wp-json\/wp\/v2\/comments?post=1228"}],"wp:attachment":[{"href":"https:\/\/laureela.ee\/en\/wp-json\/wp\/v2\/media?parent=1228"}],"wp:term":[{"taxonomy":"product_cat","embeddable":true,"href":"https:\/\/laureela.ee\/en\/wp-json\/wp\/v2\/product_cat?post=1228"},{"taxonomy":"product_tag","embeddable":true,"href":"https:\/\/laureela.ee\/en\/wp-json\/wp\/v2\/product_tag?post=1228"}],"curies":[{"name":"wp","href":"https:\/\/api.w.org\/{rel}","templated":true}]}}